{"id":14,"date":"2022-12-09T21:45:19","date_gmt":"2022-12-09T21:45:19","guid":{"rendered":"https:\/\/cebiae.bo\/?page_id=14"},"modified":"2022-12-10T01:35:03","modified_gmt":"2022-12-10T01:35:03","slug":"que-hacemos","status":"publish","type":"page","link":"https:\/\/cebiae.bo\/?page_id=14","title":{"rendered":"Qu\u00e9 Hacemos"},"content":{"rendered":"\t\t<div data-elementor-type=\"wp-page\" data-elementor-id=\"14\" class=\"elementor elementor-14\">\n\t\t\t\t\t\t\t\t\t<section class=\"ob-is-breaking-bad elementor-section elementor-top-section elementor-element elementor-element-bfb2e0a elementor-section-boxed elementor-section-height-default elementor-section-height-default\" data-id=\"bfb2e0a\" data-element_type=\"section\" data-settings=\"{&quot;_ob_bbad_use_it&quot;:&quot;yes&quot;,&quot;_ob_bbad_sssic_use&quot;:&quot;no&quot;,&quot;_ob_glider_is_slider&quot;:&quot;no&quot;}\">\n\t\t\t\t\t\t<div class=\"elementor-container elementor-column-gap-default\">\n\t\t\t\t\t<div class=\"elementor-column elementor-col-100 elementor-top-column elementor-element elementor-element-f63f6ca\" data-id=\"f63f6ca\" data-element_type=\"column\" data-settings=\"{&quot;_ob_bbad_is_stalker&quot;:&quot;no&quot;,&quot;_ob_teleporter_use&quot;:false,&quot;_ob_column_hoveranimator&quot;:&quot;no&quot;,&quot;_ob_column_has_pseudo&quot;:&quot;no&quot;}\">\n\t\t\t<div class=\"elementor-widget-wrap elementor-element-populated\">\n\t\t\t\t\t\t\t\t<div class=\"elementor-element elementor-element-0aa846d ob-harakiri-inherit ob-has-background-overlay elementor-widget elementor-widget-heading\" data-id=\"0aa846d\" data-element_type=\"widget\" data-settings=\"{&quot;_ob_use_harakiri&quot;:&quot;yes&quot;,&quot;_ob_harakiri_writing_mode&quot;:&quot;inherit&quot;,&quot;_ob_harakiri_text_clip&quot;:&quot;none&quot;,&quot;_ob_perspektive_use&quot;:&quot;no&quot;,&quot;_ob_poopart_use&quot;:&quot;yes&quot;,&quot;_ob_shadough_use&quot;:&quot;no&quot;,&quot;_ob_allow_hoveranimator&quot;:&quot;no&quot;,&quot;_ob_widget_stalker_use&quot;:&quot;no&quot;}\" data-widget_type=\"heading.default\">\n\t\t\t\t<div class=\"elementor-widget-container\">\n\t\t\t<style>\/*! elementor - v3.9.0 - 06-12-2022 *\/\n.elementor-heading-title{padding:0;margin:0;line-height:1}.elementor-widget-heading .elementor-heading-title[class*=elementor-size-]>a{color:inherit;font-size:inherit;line-height:inherit}.elementor-widget-heading .elementor-heading-title.elementor-size-small{font-size:15px}.elementor-widget-heading .elementor-heading-title.elementor-size-medium{font-size:19px}.elementor-widget-heading .elementor-heading-title.elementor-size-large{font-size:29px}.elementor-widget-heading .elementor-heading-title.elementor-size-xl{font-size:39px}.elementor-widget-heading .elementor-heading-title.elementor-size-xxl{font-size:59px}<\/style><h2 class=\"elementor-heading-title elementor-size-default\">\u00bfQu\u00e9 Hacemos?<\/h2>\t\t<\/div>\n\t\t\t\t<\/div>\n\t\t\t\t\t<\/div>\n\t\t<\/div>\n\t\t\t\t\t\t\t<\/div>\n\t\t<\/section>\n\t\t\t\t<section class=\"ob-is-breaking-bad elementor-section elementor-top-section elementor-element elementor-element-d94026c elementor-section-boxed elementor-section-height-default elementor-section-height-default\" data-id=\"d94026c\" data-element_type=\"section\" data-settings=\"{&quot;_ob_bbad_use_it&quot;:&quot;yes&quot;,&quot;_ob_bbad_sssic_use&quot;:&quot;no&quot;,&quot;_ob_glider_is_slider&quot;:&quot;no&quot;}\">\n\t\t\t\t\t\t<div class=\"elementor-container elementor-column-gap-default\">\n\t\t\t\t\t<div class=\"elementor-column elementor-col-100 elementor-top-column elementor-element elementor-element-f586fc4\" data-id=\"f586fc4\" data-element_type=\"column\" data-settings=\"{&quot;_ob_bbad_is_stalker&quot;:&quot;no&quot;,&quot;_ob_teleporter_use&quot;:false,&quot;_ob_column_hoveranimator&quot;:&quot;no&quot;,&quot;_ob_column_has_pseudo&quot;:&quot;no&quot;}\">\n\t\t\t<div class=\"elementor-widget-wrap elementor-element-populated\">\n\t\t\t\t\t\t\t\t<div class=\"elementor-element elementor-element-edec811 ob-harakiri-inherit ob-has-background-overlay elementor-widget elementor-widget-text-editor\" data-id=\"edec811\" data-element_type=\"widget\" data-settings=\"{&quot;_ob_use_harakiri&quot;:&quot;yes&quot;,&quot;_ob_harakiri_writing_mode&quot;:&quot;inherit&quot;,&quot;_ob_postman_use&quot;:&quot;no&quot;,&quot;_ob_perspektive_use&quot;:&quot;no&quot;,&quot;_ob_poopart_use&quot;:&quot;yes&quot;,&quot;_ob_shadough_use&quot;:&quot;no&quot;,&quot;_ob_allow_hoveranimator&quot;:&quot;no&quot;,&quot;_ob_widget_stalker_use&quot;:&quot;no&quot;}\" data-widget_type=\"text-editor.default\">\n\t\t\t\t<div class=\"elementor-widget-container\">\n\t\t\t<style>\/*! elementor - v3.9.0 - 06-12-2022 *\/\n.elementor-widget-text-editor.elementor-drop-cap-view-stacked .elementor-drop-cap{background-color:#818a91;color:#fff}.elementor-widget-text-editor.elementor-drop-cap-view-framed .elementor-drop-cap{color:#818a91;border:3px solid;background-color:transparent}.elementor-widget-text-editor:not(.elementor-drop-cap-view-default) .elementor-drop-cap{margin-top:8px}.elementor-widget-text-editor:not(.elementor-drop-cap-view-default) .elementor-drop-cap-letter{width:1em;height:1em}.elementor-widget-text-editor .elementor-drop-cap{float:left;text-align:center;line-height:1;font-size:50px}.elementor-widget-text-editor .elementor-drop-cap-letter{display:inline-block}<\/style>\t\t\t\t<p class=\"MsoNormal\" style=\"text-align:justify\"><span lang=\"ES\" style=\"font-family:\n&quot;Arial&quot;,sans-serif\">Desde su fundaci\u00f3n, a lo largo de cuatro d\u00e9cadas, su misi\u00f3n\nest\u00e1 orientada a trabajar ininterrumpidamente con las comunidades educativas,\nautoridades, instituciones y organizaciones sociales vinculadas a educaci\u00f3n en\nlos subsistemas de educaci\u00f3n regular(inicial, primaria secundaria) y\nalternativa, desarrollando experiencias innovadoras de transformaci\u00f3n\ncurricular en los \u00e1mbitos de la intra, interculturalidad, la construcci\u00f3n de la\ncultura paz, la investigaci\u00f3n educativa y la innovaci\u00f3n en procesos educativos.<o:p><\/o:p><\/span><\/p><p class=\"MsoNormal\" style=\"text-align:justify\"><span lang=\"ES\" style=\"font-family:\n&quot;Arial&quot;,sans-serif\">La investigaci\u00f3n en sus diferentes modalidades y el uso de\nlos diversos medios de comunicaci\u00f3n institucionales, son estrategias de acci\u00f3n\nque han permitido al CEBIAE agendar problem\u00e1ticas y demandas de educaci\u00f3n en\nlos niveles micro, meso y macro, incidiendo en muchos casos en las pol\u00edticas de\neducaci\u00f3n en los diversos \u00e1mbitos.<o:p><\/o:p><\/span><\/p><p>\n\n\n\n<span lang=\"ES\" style=\"font-size:11.0pt;line-height:107%;font-family:&quot;Arial&quot;,sans-serif;\nmso-fareast-font-family:Calibri;mso-fareast-theme-font:minor-latin;mso-ansi-language:\nES;mso-fareast-language:EN-US;mso-bidi-language:AR-SA\">La creaci\u00f3n de espacios\np\u00fablicos de di\u00e1logo, debate y an\u00e1lisis de las problem\u00e1ticas de educaci\u00f3n que\npreocupan a la colectividad en Bolivia y desde esas reflexiones la construcci\u00f3n\nde propuestas de pol\u00edticas para incidir en las colectividades de los \u00e1mbitos\nlocal, municipal y nacional, es otra de las experticias desarrolladas por el\nCEBIAE con actores claves involucrados en la educaci\u00f3n.<\/span><br><\/p>\t\t\t\t\t\t<\/div>\n\t\t\t\t<\/div>\n\t\t\t\t\t<\/div>\n\t\t<\/div>\n\t\t\t\t\t\t\t<\/div>\n\t\t<\/section>\n\t\t\t\t\t\t\t<\/div>\n\t\t","protected":false},"excerpt":{"rendered":"<p>\u00bfQu\u00e9 Hacemos? Desde su fundaci\u00f3n, a lo largo de cuatro d\u00e9cadas, su misi\u00f3n est\u00e1 orientada a trabajar ininterrumpidamente con las comunidades educativas, autoridades, instituciones y organizaciones sociales vinculadas a educaci\u00f3n en los subsistemas de educaci\u00f3n regular(inicial, primaria secundaria) y alternativa, desarrollando experiencias innovadoras de transformaci\u00f3n curricular en los \u00e1mbitos de la intra, interculturalidad, la construcci\u00f3n &hellip;<\/p>\n<p class=\"read-more\"> <a class=\"\" href=\"https:\/\/cebiae.bo\/?page_id=14\"> <span class=\"screen-reader-text\">Qu\u00e9 Hacemos<\/span> Leer m\u00e1s &raquo;<\/a><\/p>\n","protected":false},"author":1,"featured_media":0,"parent":0,"menu_order":0,"comment_status":"closed","ping_status":"closed","template":"","meta":{"site-sidebar-layout":"no-sidebar","site-content-layout":"page-builder","ast-global-header-display":"","ast-main-header-display":"","ast-hfb-above-header-display":"","ast-hfb-below-header-display":"","ast-hfb-mobile-header-display":"","site-post-title":"disabled","ast-breadcrumbs-content":"","ast-featured-img":"disabled","footer-sml-layout":"","theme-transparent-header-meta":"","adv-header-id-meta":"","stick-header-meta":"","header-above-stick-meta":"","header-main-stick-meta":"","header-below-stick-meta":"","footnotes":""},"class_list":["post-14","page","type-page","status-publish","hentry"],"_links":{"self":[{"href":"https:\/\/cebiae.bo\/index.php?rest_route=\/wp\/v2\/pages\/14","targetHints":{"allow":["GET"]}}],"collection":[{"href":"https:\/\/cebiae.bo\/index.php?rest_route=\/wp\/v2\/pages"}],"about":[{"href":"https:\/\/cebiae.bo\/index.php?rest_route=\/wp\/v2\/types\/page"}],"author":[{"embeddable":true,"href":"https:\/\/cebiae.bo\/index.php?rest_route=\/wp\/v2\/users\/1"}],"replies":[{"embeddable":true,"href":"https:\/\/cebiae.bo\/index.php?rest_route=%2Fwp%2Fv2%2Fcomments&post=14"}],"version-history":[{"count":5,"href":"https:\/\/cebiae.bo\/index.php?rest_route=\/wp\/v2\/pages\/14\/revisions"}],"predecessor-version":[{"id":120,"href":"https:\/\/cebiae.bo\/index.php?rest_route=\/wp\/v2\/pages\/14\/revisions\/120"}],"wp:attachment":[{"href":"https:\/\/cebiae.bo\/index.php?rest_route=%2Fwp%2Fv2%2Fmedia&parent=14"}],"curies":[{"name":"wp","href":"https:\/\/api.w.org\/{rel}","templated":true}]}}